{"id":230,"date":"2016-04-06T16:38:08","date_gmt":"2016-04-06T14:38:08","guid":{"rendered":"http:\/\/www.johnnym.at\/wordpress\/?page_id=230"},"modified":"2017-03-23T22:30:59","modified_gmt":"2017-03-23T21:30:59","slug":"activities","status":"publish","type":"page","link":"http:\/\/www.johnnym.at\/?page_id=230","title":{"rendered":"Activities"},"content":{"rendered":"<p>23.03.2017<br \/>\nNach dem sensationellen Feedback auf meinen Song live aus dem Voyager <a href=\"https:\/\/www.facebook.com\/johnny.muhlbacher\/videos\/1366968330064589\/\">(Video gibt&#8217;s hier zum Anschauen)<\/a>\u00a0planen wir eine kleine Serie von &#8222;Johnny M. &amp; the Toothbreakers rockin&#8216; on a Lancia Voyager on tour&#8220;. Der Lancia Voyager ist ein super Van, in dem sogar eine Smallrockband drinn spielen kann \ud83d\ude42 *g*<\/p>\n<p><strong>20.03.2017<\/strong><br \/>\nDerzeit laufen verschiedene musikalische Projekte in der Endphase. Einerseits die englische Version des Zahnputzliedes &#8211; der <a href=\"http:\/\/www.dr-muehlbacher.net\/upload\/1893281_BYT%20latest%20Version.mp3\">&#8222;Brush Your Teeth Song&#8220;<\/a>, andererseits das griechisch-englische Crossover-Projekt &#8222;Manari Mou&#8220;, das unter dem Projekttitel &#8222;Die Freunde Kretas \/ the friends of Crete l\u00e4uft. In K\u00fcrze wird es einen Prerelease zum kennen lernen geben \ud83d\ude09<\/p>\n<p><strong>31.12.2016<\/strong><br \/>\nNach verschiedenen Veranstaltungen endet die Smallrock-Saison 2016. Wir w\u00fcnschen allen Fans ein gutes, gesundes und rockiges neues Jahr und freuen uns auf weitere musikalische Activities.<\/p>\n<p><strong>03.04.2016<br \/>\n<\/strong>In Zusammenarbeit mit Jerry Meehan, dem Bassisten der Robbie Williams \u2013 Band, arbeiten wir an einer englischen Rock-Pop-Version eines Zahnputzliedes mit dem Titel \u201eBrush Your Teeth\u201c. Jerry Meehan ist Musical Director des Tonstudios \u201eWendyhouse Productions\u201c in London.<\/p>\n<p><strong>6.2.2016<br \/>\n<\/strong>Noch einmal Raynie Kay und Johnny M. \u2013 dieses Mal als Duo f\u00fcr alle Petrij\u00fcnger im Rahmen des Fishing-Festivals 2016 in Wels auf der Welser Messe.<\/p>\n<p><strong>19.12.2015<br \/>\n<\/strong>Raynie Kay, der Profigitarrist aus Salzburg und Johnny M. gaben Weihnachtsklassiker wie Last Christmas und Rudolph the Red Nose Reindeer zum Besten.<\/p>\n<p><strong>30.10.2015<br \/>\n<\/strong>Was f\u00fcr eine Premiere! Johnny M. &amp; the Toothbreakers \u2013 die erste Smallrockband des Landes \u2013 wurde im Rahmen des Weltspartages zur ersten \u201eBANKrockband\u201c in der Raiffeisenbank Wels S\u00fcd. Cooles Ambiente, rockige Stimmung.<\/p>\n<p><strong>17.07.2015<br \/>\n<\/strong>Es war nicht nur ein hei\u00dfer Sommertag bei 30 Tag sondern es war noch hei\u00dfer auf der B\u00fchne im wundersch\u00f6nen Ambiente des Welser Arkaden Kultursommers WAKS als Rockr\u00f6hre Katiuska McLean begleitet von unserer Johnny M. Project Band das Thermometer nach oben peitschte. Neben Johnny M. Songs wie Roses Got Thorns und My Little Girl interpretierte Sie insbesondere Songs von Tina Turner und auch den Klassiker I Feel Good von James Brown um letztlich mit ihrer Eigenkomposition You know what you do die Show abzurunden. Ein gelungener Abend bei vollem Haus der auf Wiederholung hofft, alle Fans haben tapfer mitgeschwitzt! Link auf FB (Beitrag von WT1)<\/p>\n<p><strong>19.06.2015<\/strong><\/p>\n<p>Smallrockparty in der Zuckerbude Enns! Klein aber fein ging es her bei feinem Sound von Enzi gut gemischt! Tolle B\u00fchne, beste Stimmung! Coole Location!<\/p>\n<p><strong>05.06.2015<\/strong><\/p>\n<p>Musikpavillon Linz: tolle Stimmung. An die 200 Fans rockten mit bei feinstem Wetter. Abschlie\u00dfend das Feuerwerk Donau in Flammen<br \/>\nh\u00e4tte zeitlich nicht besser abgestimmt sein k\u00f6nnen. Dank auch an Willi Luckeneder f\u00fcr die Betreuung!! Wir kommen gerne wieder!<\/p>\n<p><strong>10.04.2015<\/strong><\/p>\n<p>Live im Kinski. Die Smallrockparty hat Spa\u00df gemacht, die Stimmung war ausgelassen, wir durften 3 Zugaben spielen. Das Team rund um Michael Stadlbauer war sehr nett und freundlich .Achtung Kinski wir kommen wieder, keine Frage!<\/p>\n<p><strong>01.03.2015<\/strong><\/p>\n<p>Der Winterschlaf der First Smallrockband in the Land ist nun entg\u00fcltig zu Ende. Mehrere Auftritte sind in Planung.<br \/>\nWir beginnen die Smallrocksaison wie gesagt mit Live im Kinski am Freitag den 10.4.15. Ich hoffe dass uns die Lambacher Fans dort kr\u00e4ftig unterst\u00fctzen. www.kinski.at &#8211;\u00a0Love, Peace and Smallrock..JM<\/p>\n<p><strong>10.10. 2014<\/strong><\/p>\n<p>Nicht viele kamen ins verborgene Theater in der Innenstadt in Linz, musikalisch war die Band jedoch on Top zum Vergn\u00fcgen aller Anwesenden. Julia Frisch und Barbara Hell gaben diesmal spontan Roses Got Thorns eine ganz besondere Note auch insbesondere zu meiner pers\u00f6nlichen Freude als Frontman der Toothbreakers. Wir machen weiter!<\/p>\n<p><strong>12.09.2014<\/strong><\/p>\n<p>Das Welser Stadtfest war ein voller Erfolg bis auf das Wetter leider. Trotzdem haben treue Fans den Weg zur B\u00fchne gefunden.<br \/>\nDas Publikum hat zwar etwa gefr\u00f6stelt uns hingegen on Stage war heiss genug. Sch\u00f6n dass wir dabei sein konnten und ich hoffe auf ein Wiedersehen.\u00a0Und unser neues Associated Band Member (ABM) Sunny hat als Gitarristin cool ihre Feuerprobe bestanden! Rock on!<\/p>\n<p><strong>09.08.2014<\/strong><\/p>\n<p>Es ist fix: Johnny M. &amp; the Toothbreakers spielen live am Stadtfest in Wels am Freitag 12.September 2014 ab 16:30 auf der Hauptb\u00fchne am Stadtplatz. We \u00b4re gonna smallrock the Place! Freuen uns auf zahlreiches Erscheinen bei sonnigem Wetter!!!<\/p>\n<p><strong>13.06.2014<\/strong><\/p>\n<p>Ja fast m\u00f6chte man sagen man sei abergl\u00e4ubisch, weil nicht all zu viele den Weg zu unserem Konzert in der Spinnerei an einem Freitag den 13. gefunden haben! Aber die Hitze und die Fussball WM sind realistische Gr\u00fcnde. Dennoch die Stimmung war cool und musikalisch war die Band on Top. Zwei Stunden Schweiss und Smallrock pur, what else? Wir freuen uns aufs weitermachen! LP&amp;S Johnny M.<\/p>\n<p><strong>15.05.2014<\/strong><\/p>\n<p>Hoch \u00fcber den D\u00e4chern von Wien im schicken DC-Tower ging es heiss her. Vor ausgesuchtem Publikum smallrockten Johnny M .&amp;the Toothbreakers im Golde Wave Saal und brachten ihn zum kochen. Das Buffet war exzellent und Ivoclar-Vivadent hatte weder Kosten noch M\u00fchen gescheut um sein VIP Publikum zu verw\u00f6hnen. Jetzt bereiten wir uns vor f\u00fcr den n\u00e4chsten Gig am 13.6.14 im Kulturzentrum Spinnerei in Traun. Hope we see you soon.<\/p>\n<p><strong>16.03.2014<\/strong><\/p>\n<p>Der Casinosaal war bis auf den letzten Platz gef\u00fcllt und 250 Menschen h\u00f6rten den teils schweisstreibenden Rhytmen von Johnny M.and the Toothbreakers zu. Die Stimmung war exzellent und Josef Alexander Winklmayr hat am\u00fcsant pointiert durch den Abend gef\u00fchrt. Nach 3 Zugaben genoss das Publikum noch das Aftershow Catering und l\u00f6schte die trockenen Kehlen vom lautstarken Mitsingen des Trench Song von der neuen CD Roses Got Thorns. Demn\u00e4chst wird es auf der Website auch H\u00f6rproben geben. Love, Peace and Smallrock!<\/p>\n<p><strong>15.03.2014<\/strong><\/p>\n<p>Es ist soweit die neue CD Roses Got Thorns wird erstmals einem handverlesenem Publikum vorgestellt.<br \/>\nModeriert wird das Ganze von Josef Alexander Winklmayr von Life Radio. Stargast ist Dr. Mathilde Schwabender ORF, aus Rom. Love, Peace and Smallrock; Wir werden dar\u00fcber berichten.<\/p>\n<p><strong>22.01.2014<\/strong><\/p>\n<p>Die Arbeiten zur Fertigstellung unseres Album Roses Got Thorns sind nun fast erledigt. Das Cover nimmt Gestalt an und die erste CD Release Party wird in Wels am 15.3.14 \u00fcber die B\u00fchne. Details folgen noch. Wir freuen uns schon drauf.<\/p>\n<p><strong>24.12.2013<\/strong><\/p>\n<p>Allen Fans w\u00fcnschen wir ein sch\u00f6nes Weihnachtsfest und erholsame Feiertage mit meinem Christmas song &#8211; &#8222;A Merry Christmas for all these Children&#8220; Ausnahmsweise nicht rockig, sondern balladesque. Keep listening, euer Johnny M.<\/p>\n<p><strong>08.12.2013<\/strong><\/p>\n<p>Die Kreativit\u00e4t ist im Fluss. F\u00fcr das dritte Album, das kommen wird, haben wir bereits den ersten Basis-Track eingespielt. Anl\u00e4sslich des 50j\u00e4hrigen B\u00fchnenjubil\u00e4ums der Rolling Stones habe ich ihnen einen Song gewidmet: &#8222;The Rolling Stones Jubilee Song&#8220; &#8211; Thank you Mick, Thank you Keith,<\/p>\n<p><strong>26.11.2013<\/strong><\/p>\n<p>Die Aufnahmen f\u00fcr unser Album sind nun endg\u00fcltig nach 22 Monaten Produktionszeit abgeschlossen. Zuletzt im Studio besuchten uns Julia Frisch und Barbara Hell, die als Backgrounds\u00e4ngerinnen Songs wie &#8222;Say you will&#8220;, &#8222;My little Girl&#8220; oder &#8222;Sax on a phone&#8220; den letzten Feinschliff gaben. Nun geht es nur noch um das letzte Finetuning im Regieraum, dar\u00fcber hinaus laufen bereits die entsprechenden Arbeiten f\u00fcr die Gestaltung des CD-Covers. Wir hoffen nun endg\u00fcltig auf eine CD-Release-Party Mitte M\u00e4rz 2014.<\/p>\n<p><strong>16.08.2013<\/strong><\/p>\n<p>Aufnahmen zum letzten und 13.Song unserer CD. Er ist der schottischen S\u00e4ngerin Amy MacDonald gewidmet.<br \/>\nEs ist mir aus verschiedenen Gr\u00fcnden 3 x nicht gelungen zu einem Konzert von Ihr zu fahren. Darauf hin meinte Musikchef Josef Alexander Winklmayr von Liferadio, schottisch ausgesprochen Leiff Rehdio, dar\u00fcber k\u00f6nnte ich doch ein Lied schreiben. Gesprochen und getan. Vielleicht erh\u00f6rt sie mich dann und es gibt ein Meet n\u00b4Greet in ihrer Heimatstadt Glasgow. Slaint\u00e9<\/p>\n<p><strong>18.07.2013<\/strong><\/p>\n<p>Fertigstellen der Dreharbeiten zum Trailer von Trench Song mit Veri Str\u00f6her und unserer Bassistin Eyrien A.<br \/>\nEs war lustig und hat Spass gemacht. Auf das Endergebnis darf man sich freuen.<\/p>\n<p><strong>13.06.2013<\/strong><\/p>\n<p>Verena\u201cVeri\u201c Str\u00f6her von Getseen.at hat uns im Studio besucht und mit den Dreharbeiten zum Making of unseres Trench Song begonnen. Es wird einen 3 min\u00fctigen Trailer geben f\u00fcr Socialnetworks und einen 10 min\u00fctigen Clip als Bonus DVD Beitrag zur CD Roses got Thorns ,die hoffentlich im Herbst released werden wird. Am 18.7. geht es dann weiter mit Dreharbeiten mit unserer Bassistin Eyerien, die leider am 13.6 verhindert war. Alles in allem eine lustige Geschichte die Spass macht.<\/p>\n<p><strong>15.04.2013<\/strong><\/p>\n<p>Die Arbeiten zum Album von Roses got Thorns gehen Richtung Finish. Nun wird noch am Gesang und an den Backgroundvocals gefeilt. Weiters versuchen wir zusammen mit Verena Str\u00f6her von Getseen ein Videokonzept zu unserem Trenchsong, der den Opener auf der CD darstellen wird, zu entwickeln. Unter dem Aspekt &#8222;Virales Marketing&#8220; kann da etwas sehr spannendes entstehen. Vielleicht ein kleiner Skandal?? Stay tunded! Get amused!<\/p>\n<p><strong>01.02.\/2013<\/strong><\/p>\n<p>Randale beim Johnny M.and the Toothbreakers Konzert in Linz. Es war wie es nicht anders sein sollte: Im Herzen von Linz in einem Szenelokal, laut, schwitzig und verraucht. Die Fans flippten, eine Schar Girls st\u00fcrzten sich auf den Drummer und der Gitarrist Rainer F. holte mit seiner Gibson zum Gegenschlag gegen einen randalierenden Fan in Notwehr aus, ein siebenk\u00f6pfiges \u00c4rzteteam k\u00e4mpfte um die Stimme von Johnny M. und die Hose der Bassistin wurde zerissen&#8230;.Halt Stop!!! Alles nat\u00fcrlich Fiktion: aber es ist wirklich gut gelaufen gestern im Stieglitz und wenn wir so weiter machen ,k\u00f6nnte dieses Szenario eines Tages wahr werden. Die Story ist nat\u00fcrlich eine kleine Anleihe aus den fr\u00fchen Tagen der Rolling Stones. Wir machen weiter, Dear Sisters and Brothers. That\u00b4s Smallrock!!!<\/p>\n<p><strong>07.10.2012<\/strong><\/p>\n<p>Der Musik Brunch bei Resch&amp;Frisch am KJ in Wels war sehr erfolgreich. Die Bude war voll, das Buffet toll, die Stimmung gut. Diesmal als Trio ohne Rainer Falk ins Rennen gegangen ist es uns trotzdem gelungen die Location zum Smallrocken zu bringen.Ich habe 3 T-Shirts durchgeschwitzt, Werner \u201eLuigi\u201c Edlauer nur 2 und Eyrien, typisch Frau, nur Eins!! Der Chef des Hauses Josef Resch fand es toll und wir hoffen auch weiterhin auf musikalische Zusammenarbeit\u2026\u2026Let\u00b4s roll on!<\/p>\n<p><strong>18.08.2012<\/strong><\/p>\n<p>Der Auftritt auf der Herberstein-Clubb\u00fchne im Rahmen des Kronefestes 2012 ist trotz br\u00fctender Hitze gut verlaufen. Die Community hat brav unsere Songs belauscht und im Schwei\u00dfe ihres Angesichtes applaudiert und mitgeklatscht. Beer Sweat and Tears. Danke euch allen die da bei 35 Grad ausgeharrt haben. Love Peace and Smallrock. Johnny M.<\/p>\n<p><strong>25.06.2012<\/strong><\/p>\n<p>Die Aufnahmen zu dem neuen Album nehmen immer konkretere Formen an, 7 Songs sind bereit im Kasten.<br \/>\nMit dem St\u00fcck &#8222;Sax on the phone&#8220; (ein Schelm wer etwas anderes versteht) ist erstmals eine kompositorische Kokreation von Johnny M. und Werner L. Edlauer gelungen. Ein etwas funkiges, rockiges St\u00fcck in dem sich endlich auch Bassistin Eyrien austoben darf! Stay tuned and be prepared! \u00a0&#8211;\u00a0Love, Peace and Rock\u00b4n Roll Johnny M.<\/p>\n<p><strong>01.03.\u00a02012<\/strong><\/p>\n<p>Endlich war es so weit, nach mehreren terminlichen Problemen kam MuhrTV zu uns ins Studio und hat die Proben zu den Aufnahmen von Say you will u.a.m gefilmt. Dabei ist auch eine Acapella Variante unseres Songs Roses got thorns entstanden. Das hat richtig Spa\u00df gemacht und wir sind schon gespannt wie das Material r\u00fcberkommen wird. Geplant ist ja neben der CD die nun entsteht auch eine DVD zu Promotionzwecke. We shall see!<\/p>\n<p><strong>30.01.2012<\/strong><br \/>\nDie ersten Takes von &#8222;Roses got Thorns&#8220; und &#8222;Say You Will&#8220; sind im Kasten. Wahrscheinlich werden wir insgesmt 12 Titel f\u00fcr die neue CD einspielen &#8230; stay tuned and just relax &#8230; waiting for the music to come!<\/p>\n<p><strong>29.11.2011<\/strong><\/p>\n<p>Der Gig in der LIVESTAGE in Innsbruck wurde gefilmt. Ausschnitte daraus gibts hier: Youtube<br \/>\nBest wishes Euer Johnny M.<\/p>\n<p><strong>10.10.2011<\/strong><\/p>\n<p>Derzeit laufen die Aufnahmen f\u00fcr das n\u00e4chste Album<br \/>\nunter dem Arbeitstitel &#8222;Roses got thorns&#8220;.<\/p>\n<p><strong>10.10.2011<\/strong><\/p>\n<p>Launch der neuen Homepage www.johnnym.at<\/p>\n","protected":false},"excerpt":{"rendered":"<p>23.03.2017 Nach dem sensationellen Feedback auf meinen Song live aus dem Voyager (Video gibt&#8217;s hier zum Anschauen)\u00a0planen wir eine kleine Serie von &#8222;Johnny M. &amp; the Toothbreakers rockin&#8216; on a Lancia Voyager on tour&#8220;. Der Lancia Voyager ist ein super Van, in dem sogar eine Smallrockband drinn spielen kann \ud83d\ude42 *g* 20.03.2017 Derzeit laufen verschiedene <a href=\"http:\/\/www.johnnym.at\/?page_id=230\" rel=\"nofollow\"><span class=\"sr-only\">Read more about Activities<\/span>[&hellip;]<\/a><\/p>\n","protected":false},"author":1,"featured_media":0,"parent":0,"menu_order":0,"comment_status":"closed","ping_status":"closed","template":"template-fullwidth-no-title.php","meta":[],"_links":{"self":[{"href":"http:\/\/www.johnnym.at\/index.php?rest_route=\/wp\/v2\/pages\/230"}],"collection":[{"href":"http:\/\/www.johnnym.at\/index.php?rest_route=\/wp\/v2\/pages"}],"about":[{"href":"http:\/\/www.johnnym.at\/index.php?rest_route=\/wp\/v2\/types\/page"}],"author":[{"embeddable":true,"href":"http:\/\/www.johnnym.at\/index.php?rest_route=\/wp\/v2\/users\/1"}],"replies":[{"embeddable":true,"href":"http:\/\/www.johnnym.at\/index.php?rest_route=%2Fwp%2Fv2%2Fcomments&post=230"}],"version-history":[{"count":7,"href":"http:\/\/www.johnnym.at\/index.php?rest_route=\/wp\/v2\/pages\/230\/revisions"}],"predecessor-version":[{"id":310,"href":"http:\/\/www.johnnym.at\/index.php?rest_route=\/wp\/v2\/pages\/230\/revisions\/310"}],"wp:attachment":[{"href":"http:\/\/www.johnnym.at\/index.php?rest_route=%2Fwp%2Fv2%2Fmedia&parent=230"}],"curies":[{"name":"wp","href":"https:\/\/api.w.org\/{rel}","templated":true}]}}